{"id":1880,"date":"2025-04-24T11:03:21","date_gmt":"2025-04-24T09:03:21","guid":{"rendered":"https:\/\/www.faltradxxs.de\/blog\/?page_id=1880"},"modified":"2025-04-24T11:03:22","modified_gmt":"2025-04-24T09:03:22","slug":"lieblings-accessoire-taschen-koerbe-von-tern-und-brompton","status":"publish","type":"page","link":"https:\/\/www.faltradxxs.de\/blog\/lieblings-accessoire-taschen-koerbe-von-tern-und-brompton\/","title":{"rendered":"Lieblings-Accessoire Taschen\/K\u00f6rbe von Tern und Brompton"},"content":{"rendered":"<p>Die Sonne ist zur\u00fcck \u2013 und mit ihr der perfekte Moment, dein Faltrad wieder in die City zu bringen! Entdecke unsere Auswahl der cleversten Brompton\/Tern -Taschen und -K\u00f6rbe f\u00fcr den Fr\u00fchling &amp; Sommer. <!--more-->Egal ob Picknick im Park, Marktbesuch oder Pendeln mit Stil \u2013 hier findest du dein neues Lieblings-Accessoire von Tern und Brompton.<\/p>\n\n\n<figure class=\"wp-block-image size-full is-resized\"><a href=\"https:\/\/www.faltradxxs.de\/klickfix-fronttasche-baggy-waterproof.html?from=blog\"><img loading=\"lazy\" decoding=\"async\" width=\"524\" height=\"391\" src=\"https:\/\/www.faltradxxs.de\/blog\/wp-content\/uploads\/2025\/04\/Baggy2-1.jpg\" alt=\"\" class=\"wp-image-1883\" style=\"width:532px;height:auto\" srcset=\"https:\/\/www.faltradxxs.de\/blog\/wp-content\/uploads\/2025\/04\/Baggy2-1.jpg 524w, https:\/\/www.faltradxxs.de\/blog\/wp-content\/uploads\/2025\/04\/Baggy2-1-300x224.jpg 300w\" sizes=\"auto, (max-width: 524px) 100vw, 524px\" \/><\/a><\/figure>\n\n\n<h2 data-start=\"162\" data-end=\"238\"><strong data-start=\"166\" data-end=\"238\">Lieblings-Accessoire KLICKfix Baggy Waterproof \u2013 Deine wasserdichte Fronttasche f\u00fcrs Tern<\/strong><\/h2>\n<p class=\"\" data-start=\"240\" data-end=\"552\">Die <strong data-start=\"244\" data-end=\"264\">Baggy Waterproof<\/strong> ist deine perfekte Begleiterin f\u00fcr Alltag und Ausfl\u00fcge mit dem Tern. Die mittelgro\u00dfe, wasserdichte Lenkertasche l\u00e4sst sich mit nur einem Handgriff weit \u00f6ffnen \u2013 so hast du immer alles schnell im Blick und griffbereit. Ideal, wenn du unterwegs mal eben was brauchst, ohne lange zu kramen.<\/p>\n<p class=\"\" data-start=\"554\" data-end=\"931\">Dank praktischem Innenfach und abnehmbarem Schultergurt kannst du sie auch bequem mitnehmen, wenn du vom Rad steigst. Der integrierte Reflektor sorgt bei deinem Lieblings-Accessoire f\u00fcr extra Sichtbarkeit bei D\u00e4mmerung oder schlechtem Wetter. Besonders clever bei der Wasserdichte<a href=\"_wp_link_placeholder\" data-wplink-edit=\"true\"> Fronttasche Baggy<\/a>: Auf dem Deckel kannst du unter der Gep\u00e4ckspinne zum Beispiel deine nasse Jacke verstauen \u2013 perfekt f\u00fcr wechselhaftes Wetter im Fr\u00fchjahr oder Sommer.<\/p>\n\n\n<figure class=\"wp-block-image size-full\"><a href=\"https:\/\/www.faltradxxs.de\/brooks-d-shape-satteltasche-braun.html?from=blog\"><img loading=\"lazy\" decoding=\"async\" width=\"524\" height=\"392\" src=\"https:\/\/www.faltradxxs.de\/blog\/wp-content\/uploads\/2025\/04\/Book_Shape.jpg\" alt=\"\" class=\"wp-image-1889\" srcset=\"https:\/\/www.faltradxxs.de\/blog\/wp-content\/uploads\/2025\/04\/Book_Shape.jpg 524w, https:\/\/www.faltradxxs.de\/blog\/wp-content\/uploads\/2025\/04\/Book_Shape-300x224.jpg 300w\" sizes=\"auto, (max-width: 524px) 100vw, 524px\" \/><\/a><\/figure>\n\n\n<h2>Lieblings-Accessoire D-Shaped Saddle Bag \u2013 Edle Ledertasche in Braun<\/h2>\n<p class=\"\" data-start=\"206\" data-end=\"425\">Diese kleine, handgefertigte <a href=\"_wp_link_placeholder\" data-wplink-edit=\"true\">D-Shaped Saddle Bag Ledertasche <\/a>ist nicht nur stilvoll, sondern auch richtig praktisch. Du kannst sie entweder <strong data-start=\"326\" data-end=\"349\">unter deinem Sattel<\/strong> oder <strong data-start=\"355\" data-end=\"374\">innen am Lenker<\/strong> befestigen \u2013 ganz wie es f\u00fcr dich am besten passt.<\/p>\n<p class=\"\" data-start=\"427\" data-end=\"692\">Das Beste an deinem Lieblings-Accessoire: Du ziehst einfach seitlich die Innentasche heraus und hast dann einen stabilen Rei\u00dfverschluss, \u00fcber den du alles sicher verstauen und schnell erreichen kannst. Egal ob Ersatzschlauch, Multitool, Schl\u00fcssel oder dein Handy \u2013 hier findet alles seinen Platz.<\/p>\n<p class=\"\" data-start=\"694\" data-end=\"719\">Die Tasche \u00fcberzeugt mit:<\/p>\n<p class=\"\" data-start=\"723\" data-end=\"762\"><strong data-start=\"726\" data-end=\"762\">Au\u00dfergew\u00f6hnlicher Handwerkskunst<\/strong><br \/><strong data-start=\"767\" data-end=\"800\">Einzigartigen Premium-Details<br \/><\/strong><strong data-start=\"807\" data-end=\"838\">Hoher Stabilit\u00e4t &amp; Qualit\u00e4t<\/strong><\/p>\n<p class=\"\" data-start=\"840\" data-end=\"894\">Ein echtes Statement-Accessoire \u2013 <strong data-start=\"874\" data-end=\"894\">Made in England.<\/strong><\/p>\n<p data-start=\"840\" data-end=\"894\">\u00a0<\/p>\n\n\n<figure class=\"wp-block-embed is-type-video is-provider-youtube wp-block-embed-youtube wp-embed-aspect-16-9 wp-has-aspect-ratio\"><div class=\"wp-block-embed__wrapper\">\n<iframe loading=\"lazy\" title=\"Brompton Rack Shopping Basket\" width=\"525\" height=\"295\" src=\"https:\/\/www.youtube.com\/embed\/bMEFpXJOagI?start=1&#038;feature=oembed\" frameborder=\"0\" allow=\"accelerometer; autoplay; clipboard-write; encrypted-media; gyroscope; picture-in-picture; web-share\" referrerpolicy=\"strict-origin-when-cross-origin\" allowfullscreen><\/iframe>\n<\/div><\/figure>\n\n\n\n<h3 class=\"wp-block-heading\"><\/h3>\n\n\n<h2 data-start=\"109\" data-end=\"185\"><strong data-start=\"113\" data-end=\"185\">Lieblings-Accessoire KLICKfix Brompton Rack Shopping Basket \u2013 F\u00fcr C Line, P Line &amp; G Line<\/strong><\/h2>\n<p class=\"\" data-start=\"187\" data-end=\"408\">Du f\u00e4hrst ein Brompton der <strong data-start=\"214\" data-end=\"244\">C Line, P Line oder G Line<\/strong> und suchst nach einer stylischen, stabilen L\u00f6sung f\u00fcr deine Eink\u00e4ufe? Dann ist dieser <strong data-start=\"331\" data-end=\"379\"><a href=\"_wp_link_placeholder\" data-wplink-edit=\"true\">passgenaue Einkaufskorb<\/a> f\u00fcr den Gep\u00e4cktr\u00e4ger<\/strong> genau das Richtige f\u00fcr dich als dein Lieblings-Accessoire.<\/p>\n<p class=\"\" data-start=\"410\" data-end=\"664\">Einmal eingestellt, kannst du den Korb in <strong data-start=\"452\" data-end=\"504\">Sekundenschnelle befestigen oder wieder abnehmen<\/strong> \u2013 ganz ohne Werkzeug. Der Korb sitzt bombenfest, auch wenn du ihn mit bis zu <strong data-start=\"582\" data-end=\"591\">10 kg<\/strong> bel\u00e4dst. Genau wie dein Brompton: <strong data-start=\"626\" data-end=\"664\">stabil, hochwertig und durchdacht.<\/strong><\/p>\n<p class=\"\" data-start=\"666\" data-end=\"944\">Ein besonderes Highlight deines neuen Lieblings-Accessoires:<br data-start=\"691\" data-end=\"694\" \/>Der Boden besteht aus lackiertem <strong data-start=\"730\" data-end=\"744\">Bambusholz<\/strong> \u2013 das sieht nicht nur gut aus, sondern ist auch richtig robust. Und der <strong data-start=\"817\" data-end=\"831\">Tragegriff<\/strong> ist mit weichem Schaumstoff ummantelt \u2013 super angenehm, wenn du den Korb mal abseits des Bikes mitnehmen willst.<\/p>\n\n","protected":false},"excerpt":{"rendered":"<p>Die Sonne ist zur\u00fcck \u2013 und mit ihr der perfekte Moment, dein Faltrad wieder in die City zu bringen! Entdecke unsere Auswahl der cleversten Brompton\/Tern -Taschen und -K\u00f6rbe f\u00fcr den Fr\u00fchling &amp; Sommer.<\/p>\n","protected":false},"author":3,"featured_media":0,"parent":0,"menu_order":0,"comment_status":"closed","ping_status":"closed","template":"","meta":{"footnotes":""},"class_list":["post-1880","page","type-page","status-publish","hentry"],"aioseo_notices":[],"_links":{"self":[{"href":"https:\/\/www.faltradxxs.de\/blog\/wp-json\/wp\/v2\/pages\/1880","targetHints":{"allow":["GET"]}}],"collection":[{"href":"https:\/\/www.faltradxxs.de\/blog\/wp-json\/wp\/v2\/pages"}],"about":[{"href":"https:\/\/www.faltradxxs.de\/blog\/wp-json\/wp\/v2\/types\/page"}],"author":[{"embeddable":true,"href":"https:\/\/www.faltradxxs.de\/blog\/wp-json\/wp\/v2\/users\/3"}],"replies":[{"embeddable":true,"href":"https:\/\/www.faltradxxs.de\/blog\/wp-json\/wp\/v2\/comments?post=1880"}],"version-history":[{"count":8,"href":"https:\/\/www.faltradxxs.de\/blog\/wp-json\/wp\/v2\/pages\/1880\/revisions"}],"predecessor-version":[{"id":1892,"href":"https:\/\/www.faltradxxs.de\/blog\/wp-json\/wp\/v2\/pages\/1880\/revisions\/1892"}],"wp:attachment":[{"href":"https:\/\/www.faltradxxs.de\/blog\/wp-json\/wp\/v2\/media?parent=1880"}],"curies":[{"name":"wp","href":"https:\/\/api.w.org\/{rel}","templated":true}]}}